{"id":7,"date":"2025-09-26T13:45:02","date_gmt":"2025-09-26T20:45:02","guid":{"rendered":"http:\/\/imas-me.vn\/?page_id=7"},"modified":"2026-02-05T22:03:47","modified_gmt":"2026-02-06T05:03:47","slug":"trang-chu","status":"publish","type":"page","link":"https:\/\/imas-me.vn\/","title":{"rendered":"Trang ch\u1ee7"},"content":{"rendered":"\n<figure class=\"wp-block-image alignfull size-large\"><img loading=\"lazy\" decoding=\"async\" width=\"1024\" height=\"545\" src=\"http:\/\/imas-me.vn\/wp-content\/uploads\/2025\/10\/timelab-ciKAupgMHbU-unsplash-1024x545.jpg\" alt=\"\" class=\"wp-image-52\" srcset=\"https:\/\/imas-me.vn\/wp-content\/uploads\/2025\/10\/timelab-ciKAupgMHbU-unsplash-1024x545.jpg 1024w, https:\/\/imas-me.vn\/wp-content\/uploads\/2025\/10\/timelab-ciKAupgMHbU-unsplash-scaled-600x319.jpg 600w, https:\/\/imas-me.vn\/wp-content\/uploads\/2025\/10\/timelab-ciKAupgMHbU-unsplash-300x160.jpg 300w, https:\/\/imas-me.vn\/wp-content\/uploads\/2025\/10\/timelab-ciKAupgMHbU-unsplash-768x409.jpg 768w, https:\/\/imas-me.vn\/wp-content\/uploads\/2025\/10\/timelab-ciKAupgMHbU-unsplash-1536x817.jpg 1536w, https:\/\/imas-me.vn\/wp-content\/uploads\/2025\/10\/timelab-ciKAupgMHbU-unsplash-2048x1089.jpg 2048w\" sizes=\"auto, (max-width: 1024px) 100vw, 1024px\" \/><\/figure>\n\n\n\n<div class=\"wp-block-group alignfull has-ast-global-color-5-background-color has-background is-layout-constrained wp-container-core-group-is-layout-9cedb757 wp-block-group-is-layout-constrained\" style=\"padding-bottom:0px\">\n<div class=\"wp-block-columns are-vertically-aligned-top is-layout-flex wp-container-core-columns-is-layout-00723822 wp-block-columns-is-layout-flex\">\n<div class=\"wp-block-column is-vertically-aligned-top is-layout-flow wp-container-core-column-is-layout-6b73ce23 wp-block-column-is-layout-flow\">\n<figure class=\"wp-block-image size-large\"><img decoding=\"async\" src=\"http:\/\/imas-me.vn\/wp-content\/themes\/astra\/inc\/assets\/images\/starter-content\/building.svg\" alt=\"\" class=\"wp-image-134\"\/><\/figure>\n\n\n\n<h3 class=\"wp-block-heading has-text-align-left\" style=\"margin-top:16px\">Local Business<\/h3>\n\n\n\n<p class=\"has-text-align-left\">D\u1ef0 \u00c1N PALLET<\/p>\n<\/div>\n\n\n\n<div class=\"wp-block-column is-vertically-aligned-top is-layout-flow wp-container-core-column-is-layout-6b73ce23 wp-block-column-is-layout-flow\">\n<figure class=\"wp-block-image size-large\"><img decoding=\"async\" src=\"http:\/\/imas-me.vn\/wp-content\/themes\/astra\/inc\/assets\/images\/starter-content\/shopping-bag.svg\" alt=\"\" class=\"wp-image-135\"\/><\/figure>\n\n\n\n<h3 class=\"wp-block-heading has-text-align-left\" style=\"margin-top:16px\">Online Store<\/h3>\n\n\n\n<p class=\"has-text-align-left\">D\u1ef0 \u00c1N D\u00c2Y CHUY\u1ec0N \u0110\u00d3NG G\u00d3I T\u1ef0 \u0110\u1ed8NG<\/p>\n<\/div>\n\n\n\n<div class=\"wp-block-column is-vertically-aligned-top is-layout-flow wp-container-core-column-is-layout-6b73ce23 wp-block-column-is-layout-flow\">\n<figure class=\"wp-block-image size-large\"><img decoding=\"async\" src=\"http:\/\/imas-me.vn\/wp-content\/themes\/astra\/inc\/assets\/images\/starter-content\/blog.svg\" alt=\"\" class=\"wp-image-136\"\/><\/figure>\n\n\n\n<h3 class=\"wp-block-heading has-text-align-left\" style=\"margin-top:16px\">Online Store<\/h3>\n\n\n\n<p class=\"has-text-align-left\">D\u1ef0 \u00c1N XE \u0110\u1ea8Y<\/p>\n<\/div>\n\n\n\n<div class=\"wp-block-column is-vertically-aligned-top is-layout-flow wp-container-core-column-is-layout-6b73ce23 wp-block-column-is-layout-flow\"><\/div>\n<\/div>\n<\/div>\n\n\n\n<div class=\"wp-block-group alignfull is-layout-constrained wp-container-core-group-is-layout-45b0ac4f wp-block-group-is-layout-constrained\" id=\"services\" style=\"padding-top:144px;padding-bottom:0px\">\n<h2 class=\"wp-block-heading\">Our Services<\/h2>\n\n\n\n<div class=\"wp-block-columns is-layout-flex wp-container-core-columns-is-layout-60cbf9bb wp-block-columns-is-layout-flex\" style=\"margin-top:50px\">\n<div class=\"wp-block-column is-layout-flow wp-container-core-column-is-layout-6b73ce23 wp-block-column-is-layout-flow\">\n<div class=\"wp-block-cover is-light\" style=\"min-height:366px;aspect-ratio:unset;\"><img loading=\"lazy\" decoding=\"async\" width=\"1024\" height=\"682\" class=\"wp-block-cover__image-background wp-image-58 size-large\" alt=\"\" src=\"http:\/\/imas-me.vn\/wp-content\/uploads\/2025\/10\/Anh-2-2-1024x682.jpg\" data-object-fit=\"cover\" srcset=\"https:\/\/imas-me.vn\/wp-content\/uploads\/2025\/10\/Anh-2-2-1024x682.jpg 1024w, https:\/\/imas-me.vn\/wp-content\/uploads\/2025\/10\/Anh-2-2-600x400.jpg 600w, https:\/\/imas-me.vn\/wp-content\/uploads\/2025\/10\/Anh-2-2-300x200.jpg 300w, https:\/\/imas-me.vn\/wp-content\/uploads\/2025\/10\/Anh-2-2-768x512.jpg 768w, https:\/\/imas-me.vn\/wp-content\/uploads\/2025\/10\/Anh-2-2.jpg 1430w\" sizes=\"auto, (max-width: 1024px) 100vw, 1024px\" \/><span aria-hidden=\"true\" class=\"wp-block-cover__background has-background-dim\" style=\"background-color:#afb3b7\"><\/span><div class=\"wp-block-cover__inner-container is-layout-flow wp-block-cover-is-layout-flow\">\n<div class=\"wp-block-group is-vertical is-layout-flex wp-container-core-group-is-layout-fe9cc265 wp-block-group-is-layout-flex\">\n<p class=\"has-text-align-center has-large-font-size\">Gi\u1ea3i ph\u00e1p <\/p>\n\n\n\n<p class=\"has-text-align-center has-large-font-size\">T\u1ef1 \u0111\u1ed9ng h\u00f3a<\/p>\n<\/div>\n<\/div><\/div>\n\n\n\n<p class=\"has-text-align-center\"><strong><mark style=\"background-color:rgba(0, 0, 0, 0)\" class=\"has-inline-color has-ast-global-color-1-color\">THI\u1ebeT K\u1ebe M\u00c1Y T\u1ef0 \u0110\u1ed8NG<\/mark> &#8211; L\u1eacP TR\u00ccNH \u0110I\u1ec0U KHI\u1ec2N H\u1ec6 TH\u1ed0NG<\/strong><\/p>\n<\/div>\n\n\n\n<div class=\"wp-block-column is-layout-flow wp-container-core-column-is-layout-6b73ce23 wp-block-column-is-layout-flow\">\n<figure class=\"wp-block-image size-full\"><img loading=\"lazy\" decoding=\"async\" width=\"850\" height=\"529\" src=\"http:\/\/imas-me.vn\/wp-content\/uploads\/2025\/10\/Anh-4-1.png\" alt=\"\" class=\"wp-image-63\" srcset=\"https:\/\/imas-me.vn\/wp-content\/uploads\/2025\/10\/Anh-4-1.png 850w, https:\/\/imas-me.vn\/wp-content\/uploads\/2025\/10\/Anh-4-1-600x373.png 600w, https:\/\/imas-me.vn\/wp-content\/uploads\/2025\/10\/Anh-4-1-300x187.png 300w, https:\/\/imas-me.vn\/wp-content\/uploads\/2025\/10\/Anh-4-1-768x478.png 768w\" sizes=\"auto, (max-width: 850px) 100vw, 850px\" \/><\/figure>\n\n\n\n<h4 class=\"wp-block-heading has-text-align-center\" style=\"margin-top:16px\"><strong><mark style=\"background-color:rgba(0, 0, 0, 0);color:#00d084\" class=\"has-inline-color\">TH\u01af\u01a0NG M\u1ea0I &#8211; Linh ki\u1ec7n t\u1ef1 \u0111\u1ed9ng h\u00f3a<\/mark><\/strong><\/h4>\n<\/div>\n<\/div>\n<\/div>\n\n\n\n<div class=\"wp-block-group alignfull has-ast-global-color-5-background-color has-background is-layout-constrained wp-container-core-group-is-layout-94d206d0 wp-block-group-is-layout-constrained\" id=\"about\" style=\"padding-top:143px;padding-bottom:144px\">\n<div class=\"wp-block-media-text has-media-on-the-right is-stacked-on-mobile is-vertically-aligned-center\"><div class=\"wp-block-media-text__content\">\n<div class=\"inherit-container-width wp-block-group is-layout-constrained wp-container-core-group-is-layout-47ce07ec wp-block-group-is-layout-constrained\" style=\"padding-right:80px\">\n<h2 class=\"wp-block-heading\" style=\"padding-right:40px\">We help teams build the business of their dreams<\/h2>\n\n\n\n<p><\/p>\n\n\n\n<p>Ch\u00fang t\u00f4i l\u00e0 doanh nghi\u1ec7p chuy\u00ean <strong>thi\u1ebft k\u1ebf, ch\u1ebf t\u1ea1o v\u00e0 t\u00edch h\u1ee3p c\u00e1c h\u1ec7 th\u1ed1ng m\u00e1y m\u00f3c t\u1ef1 \u0111\u1ed9ng h\u00f3a<\/strong> theo y\u00eau c\u1ea7u, ph\u1ee5c v\u1ee5 cho c\u00e1c nh\u00e0 m\u00e1y s\u1ea3n xu\u1ea5t trong nhi\u1ec1u l\u0129nh v\u1ef1c nh\u01b0: c\u01a1 kh\u00ed, \u0111i\u1ec7n \u2013 \u0111i\u1ec7n t\u1eed, th\u1ef1c ph\u1ea9m, bao b\u00ec, nh\u1ef1a, v\u00e0 c\u00f4ng nghi\u1ec7p ph\u1ee5 tr\u1ee3.<\/p>\n\n\n\n<p>V\u1edbi \u0111\u1ed9i ng\u0169 k\u1ef9 s\u01b0 gi\u00e0u kinh nghi\u1ec7m, am hi\u1ec3u s\u00e2u v\u1ec1 <strong>c\u01a1 kh\u00ed \u2013 \u0111i\u1ec7n \u2013 \u0111i\u1ec1u khi\u1ec3n \u2013 l\u1eadp tr\u00ecnh PLC<\/strong>, ch\u00fang t\u00f4i cung c\u1ea5p c\u00e1c gi\u1ea3i ph\u00e1p t\u1ef1 \u0111\u1ed9ng h\u00f3a t\u1ed1i \u01b0u, gi\u00fap doanh nghi\u1ec7p <strong>n\u00e2ng cao n\u0103ng su\u1ea5t, gi\u1ea3m chi ph\u00ed nh\u00e2n c\u00f4ng, \u1ed5n \u0111\u1ecbnh ch\u1ea5t l\u01b0\u1ee3ng s\u1ea3n ph\u1ea9m v\u00e0 gia t\u0103ng hi\u1ec7u qu\u1ea3 s\u1ea3n xu\u1ea5t<\/strong>.<\/p>\n\n\n\n<p>Ch\u00fang t\u00f4i cam k\u1ebft:<\/p>\n\n\n\n<ul class=\"wp-block-list\">\n<li>T\u01b0 v\u1ea5n gi\u1ea3i ph\u00e1p ph\u00f9 h\u1ee3p v\u1edbi nhu c\u1ea7u th\u1ef1c t\u1ebf<\/li>\n\n\n\n<li>Thi\u1ebft k\u1ebf t\u1ed1i \u01b0u, ch\u1ebf t\u1ea1o ch\u00ednh x\u00e1c, v\u1eadn h\u00e0nh \u1ed5n \u0111\u1ecbnh<\/li>\n\n\n\n<li>H\u1ed7 tr\u1ee3 k\u1ef9 thu\u1eadt nhanh ch\u00f3ng, \u0111\u1ed3ng h\u00e0nh l\u00e2u d\u00e0i c\u00f9ng kh\u00e1ch h\u00e0ng<\/li>\n<\/ul>\n\n\n\n<p>Uy t\u00edn \u2013 Ch\u1ea5t l\u01b0\u1ee3ng \u2013 Hi\u1ec7u qu\u1ea3 l\u00e0 gi\u00e1 tr\u1ecb c\u1ed1t l\u00f5i m\u00e0 ch\u00fang t\u00f4i lu\u00f4n h\u01b0\u1edbng t\u1edbi trong t\u1eebng d\u1ef1 \u00e1n<\/p>\n<\/div>\n<\/div><figure class=\"wp-block-media-text__media\"><img decoding=\"async\" src=\"http:\/\/imas-me.vn\/wp-content\/themes\/astra\/inc\/assets\/images\/starter-content\/about-us.jpg\" alt=\"\" class=\"wp-image-237 size-full\"\/><\/figure><\/div>\n<\/div>\n\n\n\n<div class=\"wp-block-group alignfull is-layout-constrained wp-container-core-group-is-layout-3fee123f wp-block-group-is-layout-constrained\" id=\"whyus\" style=\"padding-top:144px;padding-bottom:144px\">\n<h2 class=\"wp-block-heading\">Why Choose Us<\/h2>\n\n\n\n<div class=\"wp-block-columns is-layout-flex wp-container-core-columns-is-layout-29aadeec wp-block-columns-is-layout-flex\" style=\"margin-top:60px\">\n<div class=\"wp-block-column is-layout-flow wp-container-core-column-is-layout-6b73ce23 wp-block-column-is-layout-flow\">\n<figure class=\"wp-block-image size-large\"><img decoding=\"async\" src=\"http:\/\/imas-me.vn\/wp-content\/themes\/astra\/inc\/assets\/images\/starter-content\/passionate.svg\" alt=\"\" class=\"wp-image-162\"\/><\/figure>\n\n\n\n<h3 class=\"wp-block-heading\" style=\"margin-top:16px\">Passionate<\/h3>\n\n\n\n<p>Ch\u00fang t\u00f4i l\u00e0m vi\u1ec7c b\u1eb1ng ni\u1ec1m \u0111am m\u00ea v\u1edbi t\u1ef1 \u0111\u1ed9ng h\u00f3a v\u00e0 k\u1ef9 thu\u1eadt. M\u1ed7i d\u1ef1 \u00e1n kh\u00f4ng ch\u1ec9 l\u00e0 m\u1ed9t s\u1ea3n ph\u1ea9m, m\u00e0 l\u00e0 gi\u1ea3i ph\u00e1p \u0111\u01b0\u1ee3c \u0111\u1ea7u t\u01b0 k\u1ef9 l\u01b0\u1ee1ng, t\u1ed1i \u01b0u \u0111\u1ebfn t\u1eebng chi ti\u1ebft \u0111\u1ec3 mang l\u1ea1i hi\u1ec7u qu\u1ea3 cao nh\u1ea5t cho kh\u00e1ch h\u00e0ng.<\/p>\n<\/div>\n\n\n\n<div class=\"wp-block-column is-layout-flow wp-container-core-column-is-layout-6b73ce23 wp-block-column-is-layout-flow\">\n<figure class=\"wp-block-image size-large\"><img decoding=\"async\" src=\"http:\/\/imas-me.vn\/wp-content\/themes\/astra\/inc\/assets\/images\/starter-content\/professional.svg\" alt=\"\" class=\"wp-image-163\"\/><\/figure>\n\n\n\n<h3 class=\"wp-block-heading\" style=\"margin-top:16px\">Chuy\u00ean nghi\u1ec7p<\/h3>\n\n\n\n<p>T\u1eeb kh\u00e2u t\u01b0 v\u1ea5n, thi\u1ebft k\u1ebf \u0111\u1ebfn ch\u1ebf t\u1ea1o v\u00e0 b\u00e0n giao, m\u1ecdi quy tr\u00ecnh \u0111\u1ec1u \u0111\u01b0\u1ee3c th\u1ef1c hi\u1ec7n b\u00e0i b\u1ea3n, ch\u00ednh x\u00e1c v\u00e0 \u0111\u00fang ti\u1ebfn \u0111\u1ed9. \u0110\u1ed9i ng\u0169 k\u1ef9 s\u01b0 gi\u00e0u kinh nghi\u1ec7m \u0111\u1ea3m b\u1ea3o h\u1ec7 th\u1ed1ng v\u1eadn h\u00e0nh \u1ed5n \u0111\u1ecbnh, an to\u00e0n v\u00e0 b\u1ec1n b\u1ec9.<\/p>\n<\/div>\n\n\n\n<div class=\"wp-block-column is-layout-flow wp-container-core-column-is-layout-6b73ce23 wp-block-column-is-layout-flow\">\n<figure class=\"wp-block-image size-large\"><img decoding=\"async\" src=\"http:\/\/imas-me.vn\/wp-content\/themes\/astra\/inc\/assets\/images\/starter-content\/support.svg\" alt=\"\" class=\"wp-image-164\"\/><\/figure>\n\n\n\n<h3 class=\"wp-block-heading\" style=\"margin-top:16px\">Support<\/h3>\n\n\n\n<p>Ch\u00fang t\u00f4i lu\u00f4n s\u1eb5n s\u00e0ng h\u1ed7 tr\u1ee3 k\u1ef9 thu\u1eadt nhanh ch\u00f3ng, linh ho\u1ea1t trong su\u1ed1t qu\u00e1 tr\u00ecnh v\u1eadn h\u00e0nh. Kh\u00f4ng ch\u1ec9 b\u00e0n giao m\u00e1y, ch\u00fang t\u00f4i \u0111\u1ed3ng h\u00e0nh c\u00f9ng kh\u00e1ch h\u00e0ng \u0111\u1ec3 gi\u1ea3i quy\u1ebft v\u1ea5n \u0111\u1ec1 v\u00e0 n\u00e2ng cao hi\u1ec7u qu\u1ea3 s\u1ea3n xu\u1ea5t l\u00e2u d\u00e0i.<\/p>\n<\/div>\n<\/div>\n<\/div>\n\n\n\n<div class=\"wp-block-group alignfull has-background is-layout-constrained wp-container-core-group-is-layout-cfcca693 wp-block-group-is-layout-constrained\" id=\"contact\" style=\"background:linear-gradient(35deg,rgb(6,0,151) 0%,rgb(130,4,255) 64%,rgb(193,15,255) 98%);padding-top:104px;padding-bottom:104px\">\n<div class=\"wp-block-group alignwide is-layout-constrained wp-block-group-is-layout-constrained\">\n<h2 class=\"wp-block-heading has-text-align-center has-text-color\" style=\"color:#ffffff\">Li\u00ean h\u1ec7<\/h2>\n\n\n\n<p class=\"has-text-align-left\"><strong>Tr\u1ee5 s\u1edf ch\u00ednh<\/strong>: S\u1ed1 nh\u00e0 1C, khu H\u01b0u Tr\u00ed H\u00e0 Tr\u00ec 1, ph\u01b0\u1eddng H\u00e0 \u0110\u00f4ng, th\u00e0nh ph\u1ed1 H\u00e0 N\u1ed9i<br><strong>X\u01b0\u1edfng s\u1ea3n xu\u1ea5t<\/strong>: S\u1ed1 1, ng\u00f5 19 C\u1ef1u Qu\u00e1n 2, Ho\u00e0i \u0110\u1ee9c, H\u00e0 N\u1ed9i<br><strong>\u0110i\u1ec7n tho\u1ea1i<\/strong>: 0247.301.8286<\/p>\n\n\n\n<p class=\"has-text-align-left\"><strong>Email<\/strong>: imas@imas-me.vn<br><strong>Hotline<\/strong>: Mr Hi\u1ec7p: 036 248 6389<br>              Tuy\u1ec3n d\u1ee5ng:\u00a0094 821 0128<br><\/p>\n\n\n\n<div class=\"wp-block-buttons alignwide is-horizontal is-content-justification-center is-layout-flex wp-container-core-buttons-is-layout-bba8380a wp-block-buttons-is-layout-flex\" style=\"margin-top:50px\"><\/div>\n<\/div>\n<\/div>\n","protected":false},"excerpt":{"rendered":"<p>Local Business D\u1ef0 \u00c1N PALLET Online Store D\u1ef0 \u00c1N D\u00c2Y CHUY\u1ec0N \u0110\u00d3NG G\u00d3I T\u1ef0 \u0110\u1ed8NG Online Store D\u1ef0 \u00c1N XE [&hellip;]<\/p>\n","protected":false},"author":1,"featured_media":0,"parent":0,"menu_order":0,"comment_status":"closed","ping_status":"closed","template":"","meta":{"site-sidebar-layout":"no-sidebar","site-content-layout":"plain-container","ast-site-content-layout":"default","site-content-style":"default","site-sidebar-style":"default","ast-global-header-display":"","ast-banner-title-visibility":"","ast-main-header-display":"","ast-hfb-above-header-display":"","ast-hfb-below-header-display":"","ast-hfb-mobile-header-display":"","site-post-title":"disabled","ast-breadcrumbs-content":"","ast-featured-img":"","footer-sml-layout":"","theme-transparent-header-meta":"enabled","adv-header-id-meta":"","stick-header-meta":"","header-above-stick-meta":"","header-main-stick-meta":"","header-below-stick-meta":"","astra-migrate-meta-layouts":"default","ast-page-background-enabled":"default","ast-page-background-meta":{"desktop":{"background-color":"var(--ast-global-color-5)","background-image":"","background-repeat":"repeat","background-position":"center center","background-size":"auto","background-attachment":"scroll","background-type":"","background-media":"","overlay-type":"","overlay-color":"","overlay-opacity":"","overlay-gradient":""},"tablet":{"background-color":"","background-image":"","background-repeat":"repeat","background-position":"center center","background-size":"auto","background-attachment":"scroll","background-type":"","background-media":"","overlay-type":"","overlay-color":"","overlay-opacity":"","overlay-gradient":""},"mobile":{"background-color":"","background-image":"","background-repeat":"repeat","background-position":"center center","background-size":"auto","background-attachment":"scroll","background-type":"","background-media":"","overlay-type":"","overlay-color":"","overlay-opacity":"","overlay-gradient":""}},"ast-content-background-meta":{"desktop":{"background-color":"var(--ast-global-color-4)","background-image":"","background-repeat":"repeat","background-position":"center center","background-size":"auto","background-attachment":"scroll","background-type":"","background-media":"","overlay-type":"","overlay-color":"","overlay-opacity":"","overlay-gradient":""},"tablet":{"background-color":"var(--ast-global-color-4)","background-image":"","background-repeat":"repeat","background-position":"center center","background-size":"auto","background-attachment":"scroll","background-type":"","background-media":"","overlay-type":"","overlay-color":"","overlay-opacity":"","overlay-gradient":""},"mobile":{"background-color":"var(--ast-global-color-4)","background-image":"","background-repeat":"repeat","background-position":"center center","background-size":"auto","background-attachment":"scroll","background-type":"","background-media":"","overlay-type":"","overlay-color":"","overlay-opacity":"","overlay-gradient":""}},"footnotes":""},"class_list":["post-7","page","type-page","status-publish","hentry"],"_links":{"self":[{"href":"https:\/\/imas-me.vn\/index.php\/wp-json\/wp\/v2\/pages\/7","targetHints":{"allow":["GET"]}}],"collection":[{"href":"https:\/\/imas-me.vn\/index.php\/wp-json\/wp\/v2\/pages"}],"about":[{"href":"https:\/\/imas-me.vn\/index.php\/wp-json\/wp\/v2\/types\/page"}],"author":[{"embeddable":true,"href":"https:\/\/imas-me.vn\/index.php\/wp-json\/wp\/v2\/users\/1"}],"replies":[{"embeddable":true,"href":"https:\/\/imas-me.vn\/index.php\/wp-json\/wp\/v2\/comments?post=7"}],"version-history":[{"count":22,"href":"https:\/\/imas-me.vn\/index.php\/wp-json\/wp\/v2\/pages\/7\/revisions"}],"predecessor-version":[{"id":126,"href":"https:\/\/imas-me.vn\/index.php\/wp-json\/wp\/v2\/pages\/7\/revisions\/126"}],"wp:attachment":[{"href":"https:\/\/imas-me.vn\/index.php\/wp-json\/wp\/v2\/media?parent=7"}],"curies":[{"name":"wp","href":"https:\/\/api.w.org\/{rel}","templated":true}]}}